{"id":181,"date":"2013-06-04T10:04:53","date_gmt":"2013-06-04T08:04:53","guid":{"rendered":"http:\/\/www.salon-vera.sk\/web\/?page_id=181"},"modified":"2015-09-27T22:23:24","modified_gmt":"2015-09-27T20:23:24","slug":"3d-mihalnice-2","status":"publish","type":"page","link":"http:\/\/www.salon-vera.sk\/web\/kozmetika\/3d-mihalnice-2\/","title":{"rendered":"3D mihalnice"},"content":{"rendered":"<p><strong>Umel\u00e9 3D riasy zna\u010dky Sexy Lashes<br \/>\n<\/strong><\/p>\n<ul>\n<li>3D riasy zna\u010dky Sexy Lashesmihalnice vyzeraj\u00fa prirodzene<\/li>\n<li>V\u00fdrazn\u00fd neodolate\u013en\u00fd poh\u013ead<\/li>\n<li>V\u00fddr\u017e 4 a\u017e 6 t\u00fd\u017ed\u0148ov<\/li>\n<li>Odoln\u00e9 vo\u010di vode, slz\u00e1m a potu<\/li>\n<\/ul>\n<p style=\"text-align: justify;\"><strong>Semipermanentn\u00e9 predl\u017eovanie mihaln\u00edc je <\/strong><strong>revolu\u010dn\u00e1<\/strong><strong> a ve\u013emi popul\u00e1rna\u00a0 met\u00f3da, ktor\u00e1 v\u00e1m poskytne dlh\u00e9, sexy a pritom prirodzen\u00e9 mihalnice.<\/strong>\u00a0Mihalni\u010dky zna\u010dky Sexy Lashes s\u00fa jednotlivo prilepovan\u00e9 na va\u0161e pr\u00edrodn\u00e9 mihalnice \u0161peci\u00e1lnym bondingom (lepidlom). Umel\u00e9 mihalnice s\u00fa vyroben\u00e9 zo syntetick\u00e9ho polyesteru, ktor\u00fd je vytvarovan\u00fd a vyle\u0161ten\u00fd tak, aby bol zabezpe\u010den\u00fd ich prirodzen\u00fd vzh\u013ead a pr\u00edjemn\u00fd pocit<\/p>\n<p style=\"text-align: justify;\"><strong>Sexy Lashes patria medzi najlep\u0161ie 3D riasy dostupn\u00e9 na na\u0161om trhu.<\/strong>\u00a0Ich vzh\u013ead je na nerozoznanie od skuto\u010dn\u00fdch a\u00a0\u0161peci\u00e1lne \u0161kolen\u00e9 kozmeti\u010dky s\u00fa z\u00e1rukou v\u00e1\u0161ho neodolate\u013en\u00e9ho poh\u013eadu.<\/p>\n<p style=\"text-align: justify;\">Pri spr\u00e1vnej starostlivosti v\u00e1m vydr\u017eia tak dlho, ako va\u0161a prav\u00e1 mihalnica, \u010di\u017ee pribli\u017ene 6\u00a0a\u017e 8\u00a0t\u00fd\u017ed\u0148ov. Ke\u010f\u017ee ka\u017ed\u00fd de\u0148 str\u00e1came nieko\u013eko mihaln\u00edc, je potrebn\u00e9 ka\u017ed\u00e9 3\u20134 t\u00fd\u017edne \u010diasto\u010dn\u00e9 doplnenie.\u00a0Pla\u010dte, pl\u00e1vajte, po\u0165te sa, sprchujte, saunujte sa! 3D mihalnice s\u00fa vo\u010di tomu v\u0161etk\u00e9mu odoln\u00e9.<\/p>\n<p style=\"text-align: justify;\">Vst\u00e1vajte r\u00e1no z\u00a0postele upraven\u00e9! 3D riasy ocen\u00edte hlavne v\u00a0t\u00fdchto letn\u00fdch d\u0148och, kedy \u017eiaden make up ani maskara nevydr\u017eia a\u00a0m\u00f4\u017eete ich nosi\u0165 dlhodobo. Nie s\u00fa nutn\u00e9 \u017eiadne pauzy pri \u010fal\u0161ej aplik\u00e1cii mihaln\u00edc. Pr\u00edrodn\u00e9 mihalnice sa prirodzene obnovuj\u00fa a pred\u013a\u017een\u00e1 mihalnica vypadne spolu s\u00a0pr\u00edrodnou, preto sta\u010d\u00ed iba \u010diasto\u010dne dop\u013a\u0148anie.<\/p>\n<h4>NOVINKA<\/h4>\n<p><strong>Ka\u0161m\u00edrov\u00e9 mihalnice <\/strong>predstavuj\u00fa profesion\u00e1lne splo\u0161ten\u00e9 mihalnice, ktor\u00e9 s\u00fa ur\u010den\u00e9 na predl\u017eovanie mihaln\u00edc, met\u00f3dou riasa na riasu.<\/p>\n<p>Cashmere riasy s\u00fa inovat\u00edvne navrhnut\u00e9 tak, aby svojim tvarom \u010do najviac pri\u013enuli k pr\u00edrodn\u00fdm mihalniciam. Ploch\u00fd tvar rias pred\u013a\u017ei dobu trv\u00e1cnosti pred\u013a\u017een\u00fdch mihaln\u00edc.<\/p>\n<p>Pon\u00fakame na\u0161im klientkam riasy s rovnakou hr\u00fabkou na ak\u00e9 s\u00fa zvyknut\u00e9 ale \u013eah\u0161\u00edm preveden\u00edm.<\/p>\n<p>Mihalnice V\u00e1s prekvapia svojou <strong>jemnos\u0165ou<\/strong> a <strong>\u013eahk\u00fdm nosen\u00edm<\/strong>. S\u00fa vhodn\u00e9 k aplik\u00e1ci\u00ed oslab\u00fdch mihaln\u00edc.<\/p>\n<p>&nbsp;<\/p>\n<p><strong>Cashmere Lashes &#8211; \u013eahkos\u0165 (o 40%) &#8211; jemnos\u0165 v nosen\u00ed &#8211; vy\u0161\u0161\u00ed lesk &#8211; plosk\u00fd tvar<\/strong><\/p>\n<h4 style=\"text-align: center;\">Dosiahnite dokonal\u00fd poh\u013ead v <span style=\"text-decoration: underline;\"><strong>SAL\u00d3NE-VERA<\/strong><\/span>, kde va\u0161e o\u010di dostan\u00fa tie najkvalitnej\u0161ie <span style=\"text-decoration: underline;\">3D riasy zna\u010dky Sexy Lashes.<\/span><\/h4>\n<p>&nbsp;<\/p>\n<p>&nbsp;<\/p>\n<h3 style=\"text-align: justify;\"><a href=\"http:\/\/www.salon-vera.sk\/web\/?page_id=78\">Fotogal\u00e9ria<\/a><\/h3>\n","protected":false},"excerpt":{"rendered":"<p>Umel\u00e9 3D riasy zna\u010dky Sexy Lashes 3D riasy zna\u010dky Sexy Lashesmihalnice vyzeraj\u00fa prirodzene V\u00fdrazn\u00fd neodolate\u013en\u00fd poh\u013ead V\u00fddr\u017e 4 a\u017e 6 t\u00fd\u017ed\u0148ov Odoln\u00e9 vo\u010di vode, slz\u00e1m a potu Semipermanentn\u00e9 predl\u017eovanie mihaln\u00edc je revolu\u010dn\u00e1 a ve\u013emi popul\u00e1rna\u00a0 met\u00f3da, ktor\u00e1 v\u00e1m poskytne dlh\u00e9, sexy a pritom prirodzen\u00e9 mihalnice.\u00a0Mihalni\u010dky zna\u010dky Sexy Lashes s\u00fa jednotlivo prilepovan\u00e9 na va\u0161e pr\u00edrodn\u00e9 mihalnice &hellip;<\/p>\n<p class=\"read-more\"> <a class=\"\" href=\"http:\/\/www.salon-vera.sk\/web\/kozmetika\/3d-mihalnice-2\/\"> <span class=\"screen-reader-text\">3D mihalnice<\/span> \u010c\u00edtajte viac &raquo;<\/a><\/p>\n","protected":false},"author":2,"featured_media":0,"parent":292,"menu_order":0,"comment_status":"closed","ping_status":"closed","template":"","meta":[],"_links":{"self":[{"href":"http:\/\/www.salon-vera.sk\/web\/wp-json\/wp\/v2\/pages\/181"}],"collection":[{"href":"http:\/\/www.salon-vera.sk\/web\/wp-json\/wp\/v2\/pages"}],"about":[{"href":"http:\/\/www.salon-vera.sk\/web\/wp-json\/wp\/v2\/types\/page"}],"author":[{"embeddable":true,"href":"http:\/\/www.salon-vera.sk\/web\/wp-json\/wp\/v2\/users\/2"}],"replies":[{"embeddable":true,"href":"http:\/\/www.salon-vera.sk\/web\/wp-json\/wp\/v2\/comments?post=181"}],"version-history":[{"count":10,"href":"http:\/\/www.salon-vera.sk\/web\/wp-json\/wp\/v2\/pages\/181\/revisions"}],"predecessor-version":[{"id":212,"href":"http:\/\/www.salon-vera.sk\/web\/wp-json\/wp\/v2\/pages\/181\/revisions\/212"}],"up":[{"embeddable":true,"href":"http:\/\/www.salon-vera.sk\/web\/wp-json\/wp\/v2\/pages\/292"}],"wp:attachment":[{"href":"http:\/\/www.salon-vera.sk\/web\/wp-json\/wp\/v2\/media?parent=181"}],"curies":[{"name":"wp","href":"https:\/\/api.w.org\/{rel}","templated":true}]}}