{"id":764,"date":"2021-01-29T18:52:07","date_gmt":"2021-01-29T16:52:07","guid":{"rendered":"http:\/\/www.salon-vera.sk\/web\/?page_id=764"},"modified":"2021-02-03T14:39:18","modified_gmt":"2021-02-03T12:39:18","slug":"zahustovanie-obocia","status":"publish","type":"page","link":"http:\/\/www.salon-vera.sk\/web\/zahustovanie-obocia\/","title":{"rendered":"ZAHUS\u0164OVANIE OBO\u010cIA"},"content":{"rendered":"\t\t<div data-elementor-type=\"wp-page\" data-elementor-id=\"764\" class=\"elementor elementor-764\" data-elementor-settings=\"[]\">\n\t\t\t\t\t\t<div class=\"elementor-inner\">\n\t\t\t\t\t\t\t<div class=\"elementor-section-wrap\">\n\t\t\t\t\t\t\t<section class=\"elementor-section elementor-top-section elementor-element elementor-element-6788b86 elementor-section-boxed elementor-section-height-default elementor-section-height-default\" data-id=\"6788b86\" data-element_type=\"section\">\n\t\t\t\t\t\t<div class=\"elementor-container elementor-column-gap-default\">\n\t\t\t\t\t\t\t<div class=\"elementor-row\">\n\t\t\t\t\t<div class=\"elementor-column elementor-col-100 elementor-top-column elementor-element elementor-element-489b83af\" data-id=\"489b83af\" data-element_type=\"column\">\n\t\t\t<div class=\"elementor-column-wrap elementor-element-populated\">\n\t\t\t\t\t\t\t<div class=\"elementor-widget-wrap\">\n\t\t\t\t\t\t<div class=\"elementor-element elementor-element-a5c1c29 elementor-widget elementor-widget-heading\" data-id=\"a5c1c29\" data-element_type=\"widget\" data-widget_type=\"heading.default\">\n\t\t\t\t<div class=\"elementor-widget-container\">\n\t\t\t<h2 class=\"elementor-heading-title elementor-size-default\"><a href=\"http:\/\/www.salon-vera.sk\/web\/\">Kozmetick\u00fd sal\u00f3n VERA<\/a><\/h2>\t\t<\/div>\n\t\t\t\t<\/div>\n\t\t\t\t\t\t<\/div>\n\t\t\t\t\t<\/div>\n\t\t<\/div>\n\t\t\t\t\t\t\t\t<\/div>\n\t\t\t\t\t<\/div>\n\t\t<\/section>\n\t\t\t\t<section class=\"elementor-section elementor-top-section elementor-element elementor-element-d34d27f elementor-section-boxed elementor-section-height-default elementor-section-height-default\" data-id=\"d34d27f\" data-element_type=\"section\">\n\t\t\t\t\t\t<div class=\"elementor-container elementor-column-gap-default\">\n\t\t\t\t\t\t\t<div class=\"elementor-row\">\n\t\t\t\t\t<div class=\"elementor-column elementor-col-100 elementor-top-column elementor-element elementor-element-631f817\" data-id=\"631f817\" data-element_type=\"column\">\n\t\t\t<div class=\"elementor-column-wrap elementor-element-populated\">\n\t\t\t\t\t\t\t<div class=\"elementor-widget-wrap\">\n\t\t\t\t\t\t<div class=\"elementor-element elementor-element-cc1a612 elementor--h-position-center elementor--v-position-middle elementor-widget elementor-widget-global elementor-global-889 elementor-widget-slides\" data-id=\"cc1a612\" data-element_type=\"widget\" data-settings=\"{&quot;navigation&quot;:&quot;none&quot;,&quot;autoplay&quot;:&quot;yes&quot;,&quot;pause_on_hover&quot;:&quot;yes&quot;,&quot;pause_on_interaction&quot;:&quot;yes&quot;,&quot;autoplay_speed&quot;:5000,&quot;infinite&quot;:&quot;yes&quot;,&quot;transition&quot;:&quot;slide&quot;,&quot;transition_speed&quot;:500}\" data-widget_type=\"slides.default\">\n\t\t\t\t<div class=\"elementor-widget-container\">\n\t\t\t\t\t<div class=\"elementor-swiper\">\n\t\t\t<div class=\"elementor-slides-wrapper elementor-main-swiper swiper-container\" dir=\"ltr\" data-animation=\"fadeInUp\">\n\t\t\t\t<div class=\"swiper-wrapper elementor-slides\">\n\t\t\t\t\t<div class=\"elementor-repeater-item-2a53643 swiper-slide\"><div class=\"swiper-slide-bg\"><\/div><div class=\"swiper-slide-inner\" ><div class=\"swiper-slide-contents\"><div class=\"elementor-slide-heading\">Kozmetikck\u00fd sal\u00f3n <\/div><div class=\"elementor-slide-description\">najlep\u0161ia starostlivos\u0165 o Va\u0161e telo<\/div><\/div><\/div><\/div><div class=\"elementor-repeater-item-b689bb4 swiper-slide\"><div class=\"swiper-slide-bg\"><\/div><div class=\"swiper-slide-inner\" ><div class=\"swiper-slide-contents\"><div class=\"elementor-slide-heading\">Viz\u00e1\u017e<\/div><div class=\"elementor-slide-description\">ka\u017ed\u00e1 \u017eena je kr\u00e1sna<\/div><\/div><\/div><\/div><div class=\"elementor-repeater-item-fea62d4 swiper-slide\"><div class=\"swiper-slide-bg\"><\/div><div class=\"swiper-slide-inner\" ><div class=\"swiper-slide-contents\"><div class=\"elementor-slide-heading\">Kr\u00e1sa V\u00e1\u0161ho poh\u013eadu<\/div><div class=\"elementor-slide-description\">mihalnice<\/div><\/div><\/div><\/div>\t\t\t\t<\/div>\n\t\t\t\t\t\t\t\t\t\t\t\t\t\t\t\t\t\t\t\t\t<\/div>\n\t\t<\/div>\n\t\t\t\t<\/div>\n\t\t\t\t<\/div>\n\t\t\t\t\t\t<\/div>\n\t\t\t\t\t<\/div>\n\t\t<\/div>\n\t\t\t\t\t\t\t\t<\/div>\n\t\t\t\t\t<\/div>\n\t\t<\/section>\n\t\t\t\t<section class=\"elementor-section elementor-top-section elementor-element elementor-element-64fe21a elementor-section-boxed elementor-section-height-default elementor-section-height-default\" data-id=\"64fe21a\" data-element_type=\"section\">\n\t\t\t\t\t\t<div class=\"elementor-container elementor-column-gap-default\">\n\t\t\t\t\t\t\t<div class=\"elementor-row\">\n\t\t\t\t\t<div class=\"elementor-column elementor-col-100 elementor-top-column elementor-element elementor-element-3c79a27\" data-id=\"3c79a27\" data-element_type=\"column\">\n\t\t\t<div class=\"elementor-column-wrap elementor-element-populated\">\n\t\t\t\t\t\t\t<div class=\"elementor-widget-wrap\">\n\t\t\t\t\t\t<div class=\"elementor-element elementor-element-2d5c2fb elementor-nav-menu__align-center elementor-nav-menu--indicator-none elementor-nav-menu--dropdown-tablet elementor-nav-menu__text-align-aside elementor-nav-menu--toggle elementor-nav-menu--burger elementor-widget elementor-widget-global elementor-global-906 elementor-widget-nav-menu\" data-id=\"2d5c2fb\" data-element_type=\"widget\" data-settings=\"{&quot;layout&quot;:&quot;horizontal&quot;,&quot;toggle&quot;:&quot;burger&quot;}\" data-widget_type=\"nav-menu.default\">\n\t\t\t\t<div class=\"elementor-widget-container\">\n\t\t\t\t\t\t<nav role=\"navigation\" class=\"elementor-nav-menu--main elementor-nav-menu__container elementor-nav-menu--layout-horizontal e--pointer-underline e--animation-grow\"><ul id=\"menu-1-2d5c2fb\" class=\"elementor-nav-menu\"><li class=\"menu-item menu-item-type-post_type menu-item-object-page menu-item-home menu-item-788\"><a href=\"http:\/\/www.salon-vera.sk\/web\/\" class=\"elementor-item menu-link\">O n\u00e1s<\/a><\/li>\n<li class=\"menu-item menu-item-type-post_type menu-item-object-page menu-item-786\"><a href=\"http:\/\/www.salon-vera.sk\/web\/kozmetika-a-vizaz\/\" class=\"elementor-item menu-link\">Kozmetika a viz\u00e1\u017e<\/a><\/li>\n<li class=\"menu-item menu-item-type-post_type menu-item-object-page menu-item-781\"><a href=\"http:\/\/www.salon-vera.sk\/web\/zahustovanie-obocia\/\" class=\"elementor-item menu-link\">Zahus\u0165ovanie obo\u010dia<\/a><\/li>\n<li class=\"menu-item menu-item-type-post_type menu-item-object-page menu-item-782\"><a href=\"http:\/\/www.salon-vera.sk\/web\/4d-6d-predlzovanie-a-zahustovanie-mihalnic-2\/\" class=\"elementor-item menu-link\">4D-6D predl\u017eovanie a zahus\u0165ovanie mihaln\u00edc<\/a><\/li>\n<li class=\"menu-item menu-item-type-post_type menu-item-object-page menu-item-783\"><a href=\"http:\/\/www.salon-vera.sk\/web\/3d-mihalnice-2\/\" class=\"elementor-item menu-link\">3D mihalnice<\/a><\/li>\n<li class=\"menu-item menu-item-type-post_type menu-item-object-page menu-item-784\"><a href=\"http:\/\/www.salon-vera.sk\/web\/permanentny-make-up-0\/\" class=\"elementor-item menu-link\">Permanentn\u00fd make-up<\/a><\/li>\n<li class=\"menu-item menu-item-type-post_type menu-item-object-page menu-item-780\"><a href=\"http:\/\/www.salon-vera.sk\/web\/fotogaleria-2\/\" class=\"elementor-item menu-link\">Fotogal\u00e9ria<\/a><\/li>\n<li class=\"menu-item menu-item-type-post_type menu-item-object-page menu-item-779\"><a href=\"http:\/\/www.salon-vera.sk\/web\/kontakt-2\/\" class=\"elementor-item menu-link\">Kontakt<\/a><\/li>\n<\/ul><\/nav>\n\t\t\t\t\t<div class=\"elementor-menu-toggle\" role=\"button\" tabindex=\"0\" aria-label=\"Menu Toggle\" aria-expanded=\"false\">\n\t\t\t<i class=\"eicon-menu-bar\" aria-hidden=\"true\"><\/i>\n\t\t\t<span class=\"elementor-screen-only\">Menu<\/span>\n\t\t<\/div>\n\t\t\t<nav class=\"elementor-nav-menu--dropdown elementor-nav-menu__container\" role=\"navigation\" aria-hidden=\"true\"><ul id=\"menu-2-2d5c2fb\" class=\"elementor-nav-menu\"><li class=\"menu-item menu-item-type-post_type menu-item-object-page menu-item-home menu-item-788\"><a href=\"http:\/\/www.salon-vera.sk\/web\/\" class=\"elementor-item menu-link\">O n\u00e1s<\/a><\/li>\n<li class=\"menu-item menu-item-type-post_type menu-item-object-page menu-item-786\"><a href=\"http:\/\/www.salon-vera.sk\/web\/kozmetika-a-vizaz\/\" class=\"elementor-item menu-link\">Kozmetika a viz\u00e1\u017e<\/a><\/li>\n<li class=\"menu-item menu-item-type-post_type menu-item-object-page menu-item-781\"><a href=\"http:\/\/www.salon-vera.sk\/web\/zahustovanie-obocia\/\" class=\"elementor-item menu-link\">Zahus\u0165ovanie obo\u010dia<\/a><\/li>\n<li class=\"menu-item menu-item-type-post_type menu-item-object-page menu-item-782\"><a href=\"http:\/\/www.salon-vera.sk\/web\/4d-6d-predlzovanie-a-zahustovanie-mihalnic-2\/\" class=\"elementor-item menu-link\">4D-6D predl\u017eovanie a zahus\u0165ovanie mihaln\u00edc<\/a><\/li>\n<li class=\"menu-item menu-item-type-post_type menu-item-object-page menu-item-783\"><a href=\"http:\/\/www.salon-vera.sk\/web\/3d-mihalnice-2\/\" class=\"elementor-item menu-link\">3D mihalnice<\/a><\/li>\n<li class=\"menu-item menu-item-type-post_type menu-item-object-page menu-item-784\"><a href=\"http:\/\/www.salon-vera.sk\/web\/permanentny-make-up-0\/\" class=\"elementor-item menu-link\">Permanentn\u00fd make-up<\/a><\/li>\n<li class=\"menu-item menu-item-type-post_type menu-item-object-page menu-item-780\"><a href=\"http:\/\/www.salon-vera.sk\/web\/fotogaleria-2\/\" class=\"elementor-item menu-link\">Fotogal\u00e9ria<\/a><\/li>\n<li class=\"menu-item menu-item-type-post_type menu-item-object-page menu-item-779\"><a href=\"http:\/\/www.salon-vera.sk\/web\/kontakt-2\/\" class=\"elementor-item menu-link\">Kontakt<\/a><\/li>\n<\/ul><\/nav>\n\t\t\t\t<\/div>\n\t\t\t\t<\/div>\n\t\t\t\t\t\t<\/div>\n\t\t\t\t\t<\/div>\n\t\t<\/div>\n\t\t\t\t\t\t\t\t<\/div>\n\t\t\t\t\t<\/div>\n\t\t<\/section>\n\t\t\t\t<section class=\"elementor-section elementor-top-section elementor-element elementor-element-53fe4e0 elementor-section-boxed elementor-section-height-default elementor-section-height-default\" data-id=\"53fe4e0\" data-element_type=\"section\">\n\t\t\t\t\t\t<div class=\"elementor-container elementor-column-gap-default\">\n\t\t\t\t\t\t\t<div class=\"elementor-row\">\n\t\t\t\t\t<div class=\"elementor-column elementor-col-100 elementor-top-column elementor-element elementor-element-f04e1d4\" data-id=\"f04e1d4\" data-element_type=\"column\">\n\t\t\t<div class=\"elementor-column-wrap elementor-element-populated\">\n\t\t\t\t\t\t\t<div class=\"elementor-widget-wrap\">\n\t\t\t\t\t\t<div class=\"elementor-element elementor-element-79b005b elementor-widget elementor-widget-heading\" data-id=\"79b005b\" data-element_type=\"widget\" data-widget_type=\"heading.default\">\n\t\t\t\t<div class=\"elementor-widget-container\">\n\t\t\t<h2 class=\"elementor-heading-title elementor-size-default\">Zahus\u0165ovanie obo\u010dia<\/h2>\t\t<\/div>\n\t\t\t\t<\/div>\n\t\t\t\t\t\t<\/div>\n\t\t\t\t\t<\/div>\n\t\t<\/div>\n\t\t\t\t\t\t\t\t<\/div>\n\t\t\t\t\t<\/div>\n\t\t<\/section>\n\t\t\t\t<section class=\"elementor-section elementor-top-section elementor-element elementor-element-324efa4b elementor-section-boxed elementor-section-height-default elementor-section-height-default\" data-id=\"324efa4b\" data-element_type=\"section\">\n\t\t\t\t\t\t<div class=\"elementor-container elementor-column-gap-default\">\n\t\t\t\t\t\t\t<div class=\"elementor-row\">\n\t\t\t\t\t<div class=\"elementor-column elementor-col-100 elementor-top-column elementor-element elementor-element-6e02c4cf\" data-id=\"6e02c4cf\" data-element_type=\"column\">\n\t\t\t<div class=\"elementor-column-wrap elementor-element-populated\">\n\t\t\t\t\t\t\t<div class=\"elementor-widget-wrap\">\n\t\t\t\t\t\t<section class=\"elementor-section elementor-inner-section elementor-element elementor-element-abeb6a4 elementor-section-boxed elementor-section-height-default elementor-section-height-default\" data-id=\"abeb6a4\" data-element_type=\"section\">\n\t\t\t\t\t\t<div class=\"elementor-container elementor-column-gap-default\">\n\t\t\t\t\t\t\t<div class=\"elementor-row\">\n\t\t\t\t\t<div class=\"elementor-column elementor-col-50 elementor-inner-column elementor-element elementor-element-4169672\" data-id=\"4169672\" data-element_type=\"column\">\n\t\t\t<div class=\"elementor-column-wrap elementor-element-populated\">\n\t\t\t\t\t\t\t<div class=\"elementor-widget-wrap\">\n\t\t\t\t\t\t<div class=\"elementor-element elementor-element-955265e elementor-widget elementor-widget-text-editor\" data-id=\"955265e\" data-element_type=\"widget\" data-widget_type=\"text-editor.default\">\n\t\t\t\t<div class=\"elementor-widget-container\">\n\t\t\t\t\t<div class=\"elementor-text-editor elementor-clearfix\"><p><b>Zahus\u0165ovanie obo\u010dia<\/b><\/p><p>M\u00e1te obavy z tetovania obo\u010dia, alebo V\u00e1s u\u017e nebav\u00ed d\u00e1va\u0165 pozor na obo\u010die zv\u00fdraznen\u00e9 ceruzkou?<\/p><p>Zahus\u0165ovanie obo\u010dia\u00a0<b>lepen\u00edm jednotliv\u00fdch ch\u013apkov<\/b>\u00a0je absol\u00fatna novinka na slovenskom trhu! Touto \u00fapravou obo\u010dia dosiahnete absol\u00fatne prirodzen\u00fd vzh\u013ead\u00a0obo\u010dia. Syntetick\u00e9 ch\u013apky r\u00f4znych odtie\u0148ov dokonale nahradia ch\u00fdbaj\u00faci prirodzen\u00fd porast obo\u010dia.<\/p><\/div>\n\t\t\t\t<\/div>\n\t\t\t\t<\/div>\n\t\t\t\t\t\t<\/div>\n\t\t\t\t\t<\/div>\n\t\t<\/div>\n\t\t\t\t<div class=\"elementor-column elementor-col-50 elementor-inner-column elementor-element elementor-element-26cf8f9\" data-id=\"26cf8f9\" data-element_type=\"column\">\n\t\t\t<div class=\"elementor-column-wrap elementor-element-populated\">\n\t\t\t\t\t\t\t<div class=\"elementor-widget-wrap\">\n\t\t\t\t\t\t<div class=\"elementor-element elementor-element-6c7953b elementor-widget elementor-widget-text-editor\" data-id=\"6c7953b\" data-element_type=\"widget\" data-widget_type=\"text-editor.default\">\n\t\t\t\t<div class=\"elementor-widget-container\">\n\t\t\t\t\t<div class=\"elementor-text-editor elementor-clearfix\"><p><b>Zahus\u0165ovanie obo\u010dia lepen\u00edm<\/b>\u00a0je mo\u017en\u00e9 docieli\u0165:<\/p><ul><li>zahustenie prirodzen\u00e9ho obo\u010dia<\/li><li>pozmeni\u0165 tvar obo\u010dia<\/li><li>dolepi\u0165 iba za\u010diatok alebo koniec obo\u010dia<\/li><li>vytvori\u0165 \u00faplne nov\u00e9 obo\u010die<\/li><\/ul><p>Lepidlo je vhodn\u00e9 na poko\u017eku. Nesp\u00f4sobuje alergick\u00e9 reakcie.\u00a0 Zahusten\u00e9 obo\u010die vydr\u017e\u00ed od\u00a0<b>14-21 dn\u00ed<\/b>, v z\u00e1vislosti od typu pleti, typu obo\u010dia a mno\u017estva prirodzen\u00fdch ch\u013apkov.<\/p><p>Cena: od 29-50\u20ac<\/p><p>Dop\u013a\u0148anie: od 10\u20ac<\/p><p>So zahusten\u00fdm obo\u010d\u00edm sa nesmie nav\u0161tevova\u0165 sauny, plav\u00e1rne, um\u00fdva\u0165 obo\u010die tren\u00edm a pou\u017e\u00edva\u0165 ak\u00e9ko\u013evek olejov\u00e9 kozmetick\u00e9 produkty na obo\u010die.<\/p><\/div>\n\t\t\t\t<\/div>\n\t\t\t\t<\/div>\n\t\t\t\t\t\t<\/div>\n\t\t\t\t\t<\/div>\n\t\t<\/div>\n\t\t\t\t\t\t\t\t<\/div>\n\t\t\t\t\t<\/div>\n\t\t<\/section>\n\t\t\t\t\t\t<\/div>\n\t\t\t\t\t<\/div>\n\t\t<\/div>\n\t\t\t\t\t\t\t\t<\/div>\n\t\t\t\t\t<\/div>\n\t\t<\/section>\n\t\t\t\t<section class=\"elementor-section elementor-top-section elementor-element elementor-element-2afdac8d elementor-section-content-middle elementor-section-boxed elementor-section-height-default elementor-section-height-default\" data-id=\"2afdac8d\" data-element_type=\"section\">\n\t\t\t\t\t\t<div class=\"elementor-container elementor-column-gap-no\">\n\t\t\t\t\t\t\t<div class=\"elementor-row\">\n\t\t\t\t\t<div class=\"elementor-column elementor-col-50 elementor-top-column elementor-element elementor-element-e375ba8\" data-id=\"e375ba8\" data-element_type=\"column\">\n\t\t\t<div class=\"elementor-column-wrap elementor-element-populated\">\n\t\t\t\t\t\t\t<div class=\"elementor-widget-wrap\">\n\t\t\t\t\t\t<div class=\"elementor-element elementor-element-53d1d0f2 elementor-widget elementor-widget-heading\" data-id=\"53d1d0f2\" data-element_type=\"widget\" data-widget_type=\"heading.default\">\n\t\t\t\t<div class=\"elementor-widget-container\">\n\t\t\t<h5 class=\"elementor-heading-title elementor-size-default\">Kontakt<\/h5>\t\t<\/div>\n\t\t\t\t<\/div>\n\t\t\t\t<div class=\"elementor-element elementor-element-6980ee70 elementor-widget elementor-widget-text-editor\" data-id=\"6980ee70\" data-element_type=\"widget\" data-widget_type=\"text-editor.default\">\n\t\t\t\t<div class=\"elementor-widget-container\">\n\t\t\t\t\t<div class=\"elementor-text-editor elementor-clearfix\"><h4 class=\"elementor-heading-title elementor-size-small elementor-inline-editing pen\" style=\"text-align: center;\" contenteditable=\"true\" data-elementor-setting-key=\"title\" data-pen-placeholder=\"Type Here...\">Budova V\u00fdchodoslovensk\u00fdch tla\u010diarn\u00ed (1. poschodie)<\/h4><h4 class=\"elementor-heading-title elementor-size-small elementor-inline-editing pen\" style=\"text-align: center;\" contenteditable=\"true\" data-elementor-setting-key=\"title\" data-pen-placeholder=\"Type Here...\">Letn\u00e1 \u010d.47, 040 01 Ko\u0161ice<\/h4><h4 class=\"elementor-heading-title elementor-size-small elementor-inline-editing pen\" contenteditable=\"true\" data-elementor-setting-key=\"title\" data-pen-placeholder=\"Type Here...\">\u00a0<\/h4><h4 class=\"elementor-heading-title elementor-size-small elementor-inline-editing pen\" style=\"text-align: center;\" contenteditable=\"true\" data-elementor-setting-key=\"title\" data-pen-placeholder=\"Type Here...\">Radi V\u00e1s obsl\u00fa\u017eime na z\u00e1klade telefonick\u00e9ho dohovoru.<\/h4><\/div>\n\t\t\t\t<\/div>\n\t\t\t\t<\/div>\n\t\t\t\t<div class=\"elementor-element elementor-element-522e45c9 elementor-widget elementor-widget-text-editor\" data-id=\"522e45c9\" data-element_type=\"widget\" data-widget_type=\"text-editor.default\">\n\t\t\t\t<div class=\"elementor-widget-container\">\n\t\t\t\t\t<div class=\"elementor-text-editor elementor-clearfix\"><p style=\"text-align: center;\">Otv\u00e1racia doba: <strong>Pod\u013ea objedn\u00e1vok<\/strong><\/p><h4 style=\"text-align: center;\"><strong>Objedn\u00e1vky na t.\u010d.\u00a0<\/strong><\/h4><h4 style=\"text-align: center;\"><strong><em>Kadern\u00edctvo:\u00a0 0904 299 127<\/em><\/strong><\/h4><h4 style=\"text-align: center;\"><em><b>Kozmetika: \u00a0\u00a0 0948 303\u00a0213<\/b><\/em><\/h4><h4 style=\"text-align: center;\"><em><strong>Pedik\u00fara: \u00a0 \u00a00905 250 714<\/strong><\/em><\/h4><\/div>\n\t\t\t\t<\/div>\n\t\t\t\t<\/div>\n\t\t\t\t<div class=\"elementor-element elementor-element-7533bbbd elementor-widget elementor-widget-heading\" data-id=\"7533bbbd\" data-element_type=\"widget\" data-widget_type=\"heading.default\">\n\t\t\t\t<div class=\"elementor-widget-container\">\n\t\t\t<h4 class=\"elementor-heading-title elementor-size-default\"><a href=\"mailto:info@salon-vera.sk\u200b\">info@salon-vera.sk<\/a><\/h4>\t\t<\/div>\n\t\t\t\t<\/div>\n\t\t\t\t\t\t<\/div>\n\t\t\t\t\t<\/div>\n\t\t<\/div>\n\t\t\t\t<div class=\"elementor-column elementor-col-50 elementor-top-column elementor-element elementor-element-258e70ed\" data-id=\"258e70ed\" data-element_type=\"column\">\n\t\t\t<div class=\"elementor-column-wrap elementor-element-populated\">\n\t\t\t\t\t\t\t<div class=\"elementor-widget-wrap\">\n\t\t\t\t\t\t<div class=\"elementor-element elementor-element-cc941e2 elementor-widget elementor-widget-google_maps\" data-id=\"cc941e2\" data-element_type=\"widget\" data-widget_type=\"google_maps.default\">\n\t\t\t\t<div class=\"elementor-widget-container\">\n\t\t\t<div class=\"elementor-custom-embed\"><iframe frameborder=\"0\" scrolling=\"no\" marginheight=\"0\" marginwidth=\"0\" src=\"https:\/\/maps.google.com\/maps?q=Letn%C3%A1%2047%2C%20040%2011%20Ko%C5%A1ice&amp;t=m&amp;z=18&amp;output=embed&amp;iwloc=near\" title=\"Letn\u00e1 47, 040 11 Ko\u0161ice\" aria-label=\"Letn\u00e1 47, 040 11 Ko\u0161ice\"><\/iframe><\/div>\t\t<\/div>\n\t\t\t\t<\/div>\n\t\t\t\t<div class=\"elementor-element elementor-element-76b0d552 elementor-shape-square elementor-grid-0 e-grid-align-center elementor-widget elementor-widget-social-icons\" data-id=\"76b0d552\" data-element_type=\"widget\" data-widget_type=\"social-icons.default\">\n\t\t\t\t<div class=\"elementor-widget-container\">\n\t\t\t\t\t<div class=\"elementor-social-icons-wrapper elementor-grid\">\n\t\t\t\t\t\t\t<div class=\"elementor-grid-item\">\n\t\t\t\t\t<a class=\"elementor-icon elementor-social-icon elementor-social-icon-facebook-f elementor-animation-grow elementor-repeater-item-9c86cde\" href=\"https:\/\/www.facebook.com\/Kozmetick%C3%BD-sal%C3%B3n-VERA-462470257136561\" target=\"_blank\">\n\t\t\t\t\t\t<span class=\"elementor-screen-only\">Facebook-f<\/span>\n\t\t\t\t\t\t<i class=\"fab fa-facebook-f\"><\/i>\t\t\t\t\t<\/a>\n\t\t\t\t<\/div>\n\t\t\t\t\t\t\t<div class=\"elementor-grid-item\">\n\t\t\t\t\t<a class=\"elementor-icon elementor-social-icon elementor-social-icon-instagram elementor-animation-grow elementor-repeater-item-7bcbd9e\" target=\"_blank\">\n\t\t\t\t\t\t<span class=\"elementor-screen-only\">Instagram<\/span>\n\t\t\t\t\t\t<i class=\"fab fa-instagram\"><\/i>\t\t\t\t\t<\/a>\n\t\t\t\t<\/div>\n\t\t\t\t\t<\/div>\n\t\t\t\t<\/div>\n\t\t\t\t<\/div>\n\t\t\t\t\t\t<\/div>\n\t\t\t\t\t<\/div>\n\t\t<\/div>\n\t\t\t\t\t\t\t\t<\/div>\n\t\t\t\t\t<\/div>\n\t\t<\/section>\n\t\t\t\t\t\t<\/div>\n\t\t\t\t\t\t<\/div>\n\t\t\t\t\t<\/div>\n\t\t","protected":false},"excerpt":{"rendered":"<p>Kozmetick\u00fd sal\u00f3n VERA Kozmetikck\u00fd sal\u00f3n najlep\u0161ia starostlivos\u0165 o Va\u0161e teloViz\u00e1\u017eka\u017ed\u00e1 \u017eena je kr\u00e1snaKadern\u00edctvokomplexn\u00e9 kadern\u00edcke slu\u017ey Zahus\u0165ovanie obo\u010dia Zahus\u0165ovanie obo\u010dia M\u00e1te obavy z tetovania obo\u010dia, alebo V\u00e1s u\u017e nebav\u00ed d\u00e1va\u0165 pozor na obo\u010die zv\u00fdraznen\u00e9 ceruzkou? Zahus\u0165ovanie obo\u010dia\u00a0lepen\u00edm jednotliv\u00fdch ch\u013apkov\u00a0je absol\u00fatna novinka na slovenskom trhu! Touto \u00fapravou obo\u010dia dosiahnete absol\u00fatne prirodzen\u00fd vzh\u013ead\u00a0obo\u010dia. Syntetick\u00e9 ch\u013apky r\u00f4znych odtie\u0148ov dokonale &hellip;<\/p>\n<p class=\"read-more\"> <a class=\"\" href=\"http:\/\/www.salon-vera.sk\/web\/zahustovanie-obocia\/\"> <span class=\"screen-reader-text\">ZAHUS\u0164OVANIE OBO\u010cIA<\/span> \u010c\u00edtajte viac &raquo;<\/a><\/p>\n","protected":false},"author":1,"featured_media":0,"parent":0,"menu_order":0,"comment_status":"closed","ping_status":"closed","template":"","meta":[],"_links":{"self":[{"href":"http:\/\/www.salon-vera.sk\/web\/wp-json\/wp\/v2\/pages\/764"}],"collection":[{"href":"http:\/\/www.salon-vera.sk\/web\/wp-json\/wp\/v2\/pages"}],"about":[{"href":"http:\/\/www.salon-vera.sk\/web\/wp-json\/wp\/v2\/types\/page"}],"author":[{"embeddable":true,"href":"http:\/\/www.salon-vera.sk\/web\/wp-json\/wp\/v2\/users\/1"}],"replies":[{"embeddable":true,"href":"http:\/\/www.salon-vera.sk\/web\/wp-json\/wp\/v2\/comments?post=764"}],"version-history":[{"count":22,"href":"http:\/\/www.salon-vera.sk\/web\/wp-json\/wp\/v2\/pages\/764\/revisions"}],"predecessor-version":[{"id":949,"href":"http:\/\/www.salon-vera.sk\/web\/wp-json\/wp\/v2\/pages\/764\/revisions\/949"}],"wp:attachment":[{"href":"http:\/\/www.salon-vera.sk\/web\/wp-json\/wp\/v2\/media?parent=764"}],"curies":[{"name":"wp","href":"https:\/\/api.w.org\/{rel}","templated":true}]}}